{"id":609,"date":"2026-04-22T13:19:23","date_gmt":"2026-04-22T13:19:23","guid":{"rendered":"https:\/\/mogneycathbert.com\/?page_id=609"},"modified":"2026-04-23T12:55:46","modified_gmt":"2026-04-23T12:55:46","slug":"invoeraangifte-2","status":"publish","type":"page","link":"https:\/\/mogneycathbert.com\/index.php\/invoeraangifte-2\/","title":{"rendered":"Invoeraangifte"},"content":{"rendered":"\t\t<div data-elementor-type=\"wp-page\" data-elementor-id=\"609\" class=\"elementor elementor-609\">\n\t\t\t\t<div class=\"elementor-element elementor-element-296f58c e-flex e-con-boxed e-con e-parent\" data-id=\"296f58c\" data-element_type=\"container\">\n\t\t\t\t\t<div class=\"e-con-inner\">\n\t\t\t\t<div class=\"elementor-element elementor-element-78678a1 elementor-widget elementor-widget-spacer\" data-id=\"78678a1\" data-element_type=\"widget\" data-widget_type=\"spacer.default\">\n\t\t\t\t\t\t\t<div class=\"elementor-spacer\">\n\t\t\t<div class=\"elementor-spacer-inner\"><\/div>\n\t\t<\/div>\n\t\t\t\t\t\t<\/div>\n\t\t\t\t\t<\/div>\n\t\t\t\t<\/div>\n\t\t<div class=\"elementor-element elementor-element-de613ac e-flex e-con-boxed e-con e-parent\" data-id=\"de613ac\" data-element_type=\"container\">\n\t\t\t\t\t<div class=\"e-con-inner\">\n\t\t\t\t<div class=\"elementor-element elementor-element-186d1cb elementor-widget elementor-widget-spacer\" data-id=\"186d1cb\" data-element_type=\"widget\" data-widget_type=\"spacer.default\">\n\t\t\t\t\t\t\t<div class=\"elementor-spacer\">\n\t\t\t<div class=\"elementor-spacer-inner\"><\/div>\n\t\t<\/div>\n\t\t\t\t\t\t<\/div>\n\t\t\t\t<div class=\"elementor-element elementor-element-ab8e069 elementor-widget elementor-widget-text-editor\" data-id=\"ab8e069\" data-element_type=\"widget\" data-widget_type=\"text-editor.default\">\n\t\t\t\t\t\t\t\t\t<h1>Invoeraangifte en inklaring is onderdeel van jouw transport<\/h1>\t\t\t\t\t\t\t\t<\/div>\n\t\t\t\t\t<\/div>\n\t\t\t\t<\/div>\n\t\t<div class=\"elementor-element elementor-element-a6715b9 e-flex e-con-boxed e-con e-parent\" data-id=\"a6715b9\" data-element_type=\"container\">\n\t\t\t\t\t<div class=\"e-con-inner\">\n\t\t<div class=\"elementor-element elementor-element-a7c75f6 e-con-full e-flex e-con e-child\" data-id=\"a7c75f6\" data-element_type=\"container\">\n\t\t\t\t<\/div>\n\t\t\t\t<div class=\"elementor-element elementor-element-9b393c8 elementor-widget elementor-widget-text-editor\" data-id=\"9b393c8\" data-element_type=\"widget\" data-widget_type=\"text-editor.default\">\n\t\t\t\t\t\t\t\t\t<p data-start=\"215\" data-end=\"428\">Goederen importeren van buiten de EU? Dan is een invoeraangifte, ook wel inklaring genoemd, verplicht voordat jouw zending verder vervoerd, opgeslagen of verkocht mag worden binnen Nederland en de Europese Unie.<\/p><p data-start=\"430\" data-end=\"620\">Een correcte en tijdige inklaring is essentieel om vertraging, extra kosten en stilstand van jouw zending te voorkomen. Denk aan invoerrechten, btw-afhandeling en controles door de Douane.<\/p><p data-start=\"622\" data-end=\"807\">Bij Mogney &amp; Cathbert zorgen wij dat deze processen naadloos aansluiten op het transport, zodat jouw goederen zonder onderbrekingen kunnen doorstromen van aankomst tot eindbestemming.\u00a0<\/p><h6 data-section-id=\"168bt6n\" data-start=\"1254\" data-end=\"1290\">Import via Nederland en Europa<\/h6><p data-start=\"865\" data-end=\"1017\">Wij verzorgen inklaringen voor importzendingen die binnenkomen via belangrijke Europese havens en luchthavens, zoals Rotterdam, Antwerpen en Schiphol.<\/p><p data-start=\"1019\" data-end=\"1186\">Dankzij deze strategische locaties kunnen goederen snel worden vrijgegeven en direct worden doorgevoerd naar hun eindbestemming binnen Nederland of elders in Europa.<\/p><p data-start=\"1188\" data-end=\"1351\">In combinatie met ons wegtransport en logistieke netwerk zorgen wij voor een effici\u00ebnte doorvoer van jouw zending, zonder onnodige wachttijden of extra schakels.<\/p>\t\t\t\t\t\t\t\t<\/div>\n\t\t<div class=\"elementor-element elementor-element-645a6b8 e-con-full e-flex e-con e-child\" data-id=\"645a6b8\" data-element_type=\"container\">\n\t\t\t\t<\/div>\n\t\t<div class=\"elementor-element elementor-element-9b030eb e-con-full e-flex e-con e-child\" data-id=\"9b030eb\" data-element_type=\"container\">\n\t\t\t\t<div class=\"elementor-element elementor-element-4c7782b elementor-widget elementor-widget-text-editor\" data-id=\"4c7782b\" data-element_type=\"widget\" data-widget_type=\"text-editor.default\">\n\t\t\t\t\t\t\t\t\t<h6 data-section-id=\"w1o1xc\" data-start=\"646\" data-end=\"692\">Complete afhandeling van importzendingen<\/h6><p data-start=\"694\" data-end=\"777\">Wij begeleiden het volledige traject rondom invoeraangifte en inklaring, inclusief:<\/p><ul data-start=\"779\" data-end=\"958\"><li data-section-id=\"1xzppoy\" data-start=\"779\" data-end=\"807\">Aanmelding bij de Douane<\/li><li data-section-id=\"11ug9xd\" data-start=\"808\" data-end=\"847\">Berekening van invoerrechten en btw<\/li><li data-section-id=\"15mm8g5\" data-start=\"848\" data-end=\"877\">Controle van documentatie<\/li><li data-section-id=\"of91m0\" data-start=\"878\" data-end=\"916\">Afstemming bij eventuele controles<\/li><li data-section-id=\"1vg329y\" data-start=\"917\" data-end=\"958\">Co\u00f6rdinatie met transport en levering<\/li><\/ul><h6 data-section-id=\"1tawtw5\" data-start=\"1047\" data-end=\"1073\"><br \/>Benodigde documenten<\/h6><p data-start=\"1075\" data-end=\"1158\">Voor een correcte invoeraangifte hebben wij doorgaans de volgende documenten nodig:<\/p><ul data-start=\"1160\" data-end=\"1247\"><li data-section-id=\"buzhwq\" data-start=\"1160\" data-end=\"1171\">Factuur<\/li><li data-section-id=\"kojwe2\" data-start=\"1172\" data-end=\"1184\">Paklijst<\/li><li data-section-id=\"iomubh\" data-start=\"1185\" data-end=\"1203\">Vrachtdocument<\/li><li data-section-id=\"aqqxmx\" data-start=\"1204\" data-end=\"1222\">KvK-uittreksel<\/li><li data-section-id=\"d7ox3b\" data-start=\"1223\" data-end=\"1247\"><a href=\"https:\/\/mogneycathbert.com\/wp-content\/uploads\/2025\/12\/Mogney-Authorization-Form-DR.pdf\" target=\"_blank\" rel=\"noopener\">Getekende machtiging<\/a><\/li><\/ul>\t\t\t\t\t\t\t\t<\/div>\n\t\t\t\t<\/div>\n\t\t<div class=\"elementor-element elementor-element-caf2771 e-con-full e-flex e-con e-child\" data-id=\"caf2771\" data-element_type=\"container\" data-settings=\"{&quot;position&quot;:&quot;fixed&quot;}\">\n\t\t\t\t<\/div>\n\t\t\t\t\t<\/div>\n\t\t\t\t<\/div>\n\t\t<div class=\"elementor-element elementor-element-27560fd e-flex e-con-boxed e-con e-parent\" data-id=\"27560fd\" data-element_type=\"container\">\n\t\t\t\t\t<div class=\"e-con-inner\">\n\t\t\t\t<div class=\"elementor-element elementor-element-d7c3779 elementor-widget elementor-widget-spacer\" data-id=\"d7c3779\" data-element_type=\"widget\" data-widget_type=\"spacer.default\">\n\t\t\t\t\t\t\t<div class=\"elementor-spacer\">\n\t\t\t<div class=\"elementor-spacer-inner\"><\/div>\n\t\t<\/div>\n\t\t\t\t\t\t<\/div>\n\t\t\t\t\t<\/div>\n\t\t\t\t<\/div>\n\t\t<div class=\"elementor-element elementor-element-8920e86 e-flex e-con-boxed e-con e-parent\" data-id=\"8920e86\" data-element_type=\"container\">\n\t\t\t\t\t<div class=\"e-con-inner\">\n\t\t<div class=\"elementor-element elementor-element-f3c0dfc e-con-full e-flex e-con e-child\" data-id=\"f3c0dfc\" data-element_type=\"container\">\n\t\t\t\t<\/div>\n\t\t\t\t<div class=\"elementor-element elementor-element-520bae4 elementor-widget__width-initial elementor-widget elementor-widget-text-editor\" data-id=\"520bae4\" data-element_type=\"widget\" data-widget_type=\"text-editor.default\">\n\t\t\t\t\t\t\t\t\t<h2>Transport en inklaring, \u00e9\u00e9n aanspreekpunt<\/h2>\t\t\t\t\t\t\t\t<\/div>\n\t\t<div class=\"elementor-element elementor-element-40a0b5b e-con-full e-flex e-con e-child\" data-id=\"40a0b5b\" data-element_type=\"container\">\n\t\t<div class=\"elementor-element elementor-element-f46acdf e-con-full e-flex elementor-invisible e-con e-child\" data-id=\"f46acdf\" data-element_type=\"container\" data-settings=\"{&quot;animation&quot;:&quot;fadeInUp&quot;}\">\n\t\t\t\t<div class=\"elementor-element elementor-element-a8cfc53 elementor-widget__width-initial elementor-invisible elementor-widget elementor-widget-image\" data-id=\"a8cfc53\" data-element_type=\"widget\" data-settings=\"{&quot;_animation&quot;:&quot;fadeInRight&quot;}\" data-widget_type=\"image.default\">\n\t\t\t\t\t\t\t\t\t\t\t\t\t\t\t<img fetchpriority=\"high\" decoding=\"async\" width=\"800\" height=\"80\" src=\"https:\/\/mogneycathbert.com\/wp-content\/uploads\/2026\/04\/ChatGPT-Image-22-apr-2026-11_06_05-e1776849694427-1024x102.png\" class=\"attachment-large size-large wp-image-611\" alt=\"Invoeraangifte en douanedocumenten op kantoor, gebruikt voor inklaring, importafhandeling en douane aangifte binnen internationale handel door een douane declarant. Import declaration and customs documents in an office setting, used for customs clearance, import handling and customs processing in international trade by a customs declarant. \u0628\u064a\u0627\u0646 \u0627\u0633\u062a\u064a\u0631\u0627\u062f \u0648\u0648\u062b\u0627\u0626\u0642 \u062c\u0645\u0631\u0643\u064a\u0629 \u0641\u064a \u0628\u064a\u0626\u0629 \u0645\u0643\u062a\u0628\u064a\u0629 \u062a\u064f\u0633\u062a\u062e\u062f\u0645 \u0644\u0644\u062a\u062e\u0644\u064a\u0635 \u0627\u0644\u062c\u0645\u0631\u0643\u064a \u0648\u0645\u0639\u0627\u0644\u062c\u0629 \u0627\u0644\u0627\u0633\u062a\u064a\u0631\u0627\u062f \u0648\u0627\u0644\u0625\u062c\u0631\u0627\u0621\u0627\u062a \u0627\u0644\u062c\u0645\u0631\u0643\u064a\u0629 \u0636\u0645\u0646 \u0627\u0644\u062a\u062c\u0627\u0631\u0629 \u0627\u0644\u062f\u0648\u0644\u064a\u0629 \u0645\u0646 \u0642\u0628\u0644 \u0645\u062e\u0644\u0635 \u062c\u0645\u0631\u0643\u064a.\" srcset=\"https:\/\/mogneycathbert.com\/wp-content\/uploads\/2026\/04\/ChatGPT-Image-22-apr-2026-11_06_05-e1776849694427-1024x102.png 1024w, https:\/\/mogneycathbert.com\/wp-content\/uploads\/2026\/04\/ChatGPT-Image-22-apr-2026-11_06_05-e1776849694427-300x30.png 300w, https:\/\/mogneycathbert.com\/wp-content\/uploads\/2026\/04\/ChatGPT-Image-22-apr-2026-11_06_05-e1776849694427-768x77.png 768w, https:\/\/mogneycathbert.com\/wp-content\/uploads\/2026\/04\/ChatGPT-Image-22-apr-2026-11_06_05-e1776849694427-1536x153.png 1536w, https:\/\/mogneycathbert.com\/wp-content\/uploads\/2026\/04\/ChatGPT-Image-22-apr-2026-11_06_05-e1776849694427.png 1983w\" sizes=\"(max-width: 800px) 100vw, 800px\" \/>\t\t\t\t\t\t\t\t\t\t\t\t\t\t\t<\/div>\n\t\t\t\t<\/div>\n\t\t\t\t<\/div>\n\t\t\t\t\t<\/div>\n\t\t\t\t<\/div>\n\t\t<div class=\"elementor-element elementor-element-94bd130 e-flex e-con-boxed e-con e-parent\" data-id=\"94bd130\" data-element_type=\"container\">\n\t\t\t\t\t<div class=\"e-con-inner\">\n\t\t<div class=\"elementor-element elementor-element-43d642b e-con-full e-flex e-con e-child\" data-id=\"43d642b\" data-element_type=\"container\">\n\t\t\t\t<\/div>\n\t\t\t\t<div class=\"elementor-element elementor-element-e559531 elementor-widget__width-initial elementor-widget elementor-widget-text-editor\" data-id=\"e559531\" data-element_type=\"widget\" data-widget_type=\"text-editor.default\">\n\t\t\t\t\t\t\t\t\t<p data-start=\"147\" data-end=\"346\">Door transport en douaneafhandeling te combineren, heb je \u00e9\u00e9n aanspreekpunt voor jouw importzending. Dit zorgt voor duidelijkheid, minder schakels en een effici\u00ebntere afhandeling van jouw goederen.<\/p>\n<p data-start=\"348\" data-end=\"606\">Bij Mogney &amp; Cathbert kijken we niet alleen naar het transport, maar naar het volledige traject. Van aankomst van de zending tot de inklaring en verdere doorvoer, alles wordt op elkaar afgestemd zodat jouw goederen zonder onderbrekingen kunnen doorstromen.<\/p>\n<p data-start=\"608\" data-end=\"789\">Heb je vragen over de juiste documenten of wil je jouw invoeraangifte direct laten regelen? Wij denken graag met je mee en zorgen dat alles correct en effici\u00ebnt wordt afgehandeld.<\/p>\t\t\t\t\t\t\t\t<\/div>\n\t\t<div class=\"elementor-element elementor-element-b7c8623 e-con-full e-flex e-con e-child\" data-id=\"b7c8623\" data-element_type=\"container\">\n\t\t<div class=\"elementor-element elementor-element-5e6c27d e-con-full e-flex elementor-invisible e-con e-child\" data-id=\"5e6c27d\" data-element_type=\"container\" data-settings=\"{&quot;animation&quot;:&quot;fadeInUp&quot;}\">\n\t\t\t\t<div class=\"elementor-element elementor-element-2c32fea elementor-widget elementor-widget-heading\" data-id=\"2c32fea\" data-element_type=\"widget\" data-widget_type=\"heading.default\">\n\t\t\t\t\t<h2 class=\"elementor-heading-title elementor-size-default\">Jouw inklaring regelen? <\/h2>\t\t\t\t<\/div>\n\t\t\t\t<div class=\"elementor-element elementor-element-3077cbc elementor-widget elementor-widget-text-editor\" data-id=\"3077cbc\" data-element_type=\"widget\" data-widget_type=\"text-editor.default\">\n\t\t\t\t\t\t\t\t\t<p>\u00a0<a href=\"tel:+31857444369\">Bel<\/a> of stuur ons een <a href=\"https:\/\/wa.me\/+31857444369\">WhatsApp.<\/a>\u00a0<\/p>\t\t\t\t\t\t\t\t<\/div>\n\t\t\t\t<\/div>\n\t\t\t\t<\/div>\n\t\t\t\t\t<\/div>\n\t\t\t\t<\/div>\n\t\t\t\t<\/div>\n\t\t","protected":false},"excerpt":{"rendered":"<p>Invoeraangifte en inklaring is onderdeel van jouw transport Goederen importeren van buiten de EU? Dan is een invoeraangifte, ook wel inklaring genoemd, verplicht voordat jouw zending verder vervoerd, opgeslagen of verkocht mag worden binnen Nederland en de Europese Unie. Een correcte en tijdige inklaring is essentieel om vertraging, extra kosten en stilstand van jouw zending [&hellip;]<\/p>\n","protected":false},"author":1,"featured_media":0,"parent":0,"menu_order":0,"comment_status":"closed","ping_status":"closed","template":"elementor_header_footer","meta":{"footnotes":""},"class_list":["post-609","page","type-page","status-publish","hentry"],"yoast_head":"<!-- This site is optimized with the Yoast SEO plugin v27.4 - https:\/\/yoast.com\/product\/yoast-seo-wordpress\/ -->\n<title>Invoeraangifte - Mogney &amp; Cathbert B.V.<\/title>\n<meta name=\"robots\" content=\"index, follow, max-snippet:-1, max-image-preview:large, max-video-preview:-1\" \/>\n<link rel=\"canonical\" href=\"https:\/\/mogneycathbert.com\/index.php\/invoeraangifte-2\/\" \/>\n<meta property=\"og:locale\" content=\"nl_NL\" \/>\n<meta property=\"og:type\" content=\"article\" \/>\n<meta property=\"og:title\" content=\"Invoeraangifte - Mogney &amp; Cathbert B.V.\" \/>\n<meta property=\"og:description\" content=\"Invoeraangifte en inklaring is onderdeel van jouw transport Goederen importeren van buiten de EU? Dan is een invoeraangifte, ook wel inklaring genoemd, verplicht voordat jouw zending verder vervoerd, opgeslagen of verkocht mag worden binnen Nederland en de Europese Unie. Een correcte en tijdige inklaring is essentieel om vertraging, extra kosten en stilstand van jouw zending [&hellip;]\" \/>\n<meta property=\"og:url\" content=\"https:\/\/mogneycathbert.com\/index.php\/invoeraangifte-2\/\" \/>\n<meta property=\"og:site_name\" content=\"Mogney &amp; Cathbert B.V.\" \/>\n<meta property=\"article:modified_time\" content=\"2026-04-23T12:55:46+00:00\" \/>\n<meta property=\"og:image\" content=\"https:\/\/mogneycathbert.com\/wp-content\/uploads\/2026\/04\/ChatGPT-Image-22-apr-2026-11_06_05-e1776849694427.png\" \/>\n\t<meta property=\"og:image:width\" content=\"1983\" \/>\n\t<meta property=\"og:image:height\" content=\"198\" \/>\n\t<meta property=\"og:image:type\" content=\"image\/png\" \/>\n<meta name=\"twitter:card\" content=\"summary_large_image\" \/>\n<meta name=\"twitter:label1\" content=\"Geschatte leestijd\" \/>\n\t<meta name=\"twitter:data1\" content=\"2 minuten\" \/>\n<script type=\"application\/ld+json\" class=\"yoast-schema-graph\">{\"@context\":\"https:\\\/\\\/schema.org\",\"@graph\":[{\"@type\":\"WebPage\",\"@id\":\"https:\\\/\\\/mogneycathbert.com\\\/index.php\\\/invoeraangifte-2\\\/\",\"url\":\"https:\\\/\\\/mogneycathbert.com\\\/index.php\\\/invoeraangifte-2\\\/\",\"name\":\"Invoeraangifte - Mogney &amp; Cathbert B.V.\",\"isPartOf\":{\"@id\":\"https:\\\/\\\/mogneycathbert.com\\\/#website\"},\"primaryImageOfPage\":{\"@id\":\"https:\\\/\\\/mogneycathbert.com\\\/index.php\\\/invoeraangifte-2\\\/#primaryimage\"},\"image\":{\"@id\":\"https:\\\/\\\/mogneycathbert.com\\\/index.php\\\/invoeraangifte-2\\\/#primaryimage\"},\"thumbnailUrl\":\"https:\\\/\\\/mogneycathbert.com\\\/wp-content\\\/uploads\\\/2026\\\/04\\\/ChatGPT-Image-22-apr-2026-11_06_05-e1776849694427-1024x102.png\",\"datePublished\":\"2026-04-22T13:19:23+00:00\",\"dateModified\":\"2026-04-23T12:55:46+00:00\",\"breadcrumb\":{\"@id\":\"https:\\\/\\\/mogneycathbert.com\\\/index.php\\\/invoeraangifte-2\\\/#breadcrumb\"},\"inLanguage\":\"nl-NL\",\"potentialAction\":[{\"@type\":\"ReadAction\",\"target\":[\"https:\\\/\\\/mogneycathbert.com\\\/index.php\\\/invoeraangifte-2\\\/\"]}]},{\"@type\":\"ImageObject\",\"inLanguage\":\"nl-NL\",\"@id\":\"https:\\\/\\\/mogneycathbert.com\\\/index.php\\\/invoeraangifte-2\\\/#primaryimage\",\"url\":\"https:\\\/\\\/mogneycathbert.com\\\/wp-content\\\/uploads\\\/2026\\\/04\\\/ChatGPT-Image-22-apr-2026-11_06_05-e1776849694427.png\",\"contentUrl\":\"https:\\\/\\\/mogneycathbert.com\\\/wp-content\\\/uploads\\\/2026\\\/04\\\/ChatGPT-Image-22-apr-2026-11_06_05-e1776849694427.png\",\"width\":1983,\"height\":198,\"caption\":\"Invoeraangifte en douanedocumenten op kantoor, gebruikt voor inklaring, importafhandeling en douane aangifte binnen internationale handel door een douane declarant. Import declaration and customs documents in an office setting, used for customs clearance, import handling and customs processing in international trade by a customs declarant. \u0628\u064a\u0627\u0646 \u0627\u0633\u062a\u064a\u0631\u0627\u062f \u0648\u0648\u062b\u0627\u0626\u0642 \u062c\u0645\u0631\u0643\u064a\u0629 \u0641\u064a \u0628\u064a\u0626\u0629 \u0645\u0643\u062a\u0628\u064a\u0629 \u062a\u064f\u0633\u062a\u062e\u062f\u0645 \u0644\u0644\u062a\u062e\u0644\u064a\u0635 \u0627\u0644\u062c\u0645\u0631\u0643\u064a \u0648\u0645\u0639\u0627\u0644\u062c\u0629 \u0627\u0644\u0627\u0633\u062a\u064a\u0631\u0627\u062f \u0648\u0627\u0644\u0625\u062c\u0631\u0627\u0621\u0627\u062a \u0627\u0644\u062c\u0645\u0631\u0643\u064a\u0629 \u0636\u0645\u0646 \u0627\u0644\u062a\u062c\u0627\u0631\u0629 \u0627\u0644\u062f\u0648\u0644\u064a\u0629 \u0645\u0646 \u0642\u0628\u0644 \u0645\u062e\u0644\u0635 \u062c\u0645\u0631\u0643\u064a.\"},{\"@type\":\"BreadcrumbList\",\"@id\":\"https:\\\/\\\/mogneycathbert.com\\\/index.php\\\/invoeraangifte-2\\\/#breadcrumb\",\"itemListElement\":[{\"@type\":\"ListItem\",\"position\":1,\"name\":\"Home\",\"item\":\"https:\\\/\\\/mogneycathbert.com\\\/\"},{\"@type\":\"ListItem\",\"position\":2,\"name\":\"Invoeraangifte\"}]},{\"@type\":\"WebSite\",\"@id\":\"https:\\\/\\\/mogneycathbert.com\\\/#website\",\"url\":\"https:\\\/\\\/mogneycathbert.com\\\/\",\"name\":\"Mogney & Cathbert B.V.\",\"description\":\"\",\"publisher\":{\"@id\":\"https:\\\/\\\/mogneycathbert.com\\\/#organization\"},\"potentialAction\":[{\"@type\":\"SearchAction\",\"target\":{\"@type\":\"EntryPoint\",\"urlTemplate\":\"https:\\\/\\\/mogneycathbert.com\\\/?s={search_term_string}\"},\"query-input\":{\"@type\":\"PropertyValueSpecification\",\"valueRequired\":true,\"valueName\":\"search_term_string\"}}],\"inLanguage\":\"nl-NL\"},{\"@type\":\"Organization\",\"@id\":\"https:\\\/\\\/mogneycathbert.com\\\/#organization\",\"name\":\"Mogney & Cathbert B.V.\",\"alternateName\":\"Expediteur Nederland\",\"url\":\"https:\\\/\\\/mogneycathbert.com\\\/\",\"logo\":{\"@type\":\"ImageObject\",\"inLanguage\":\"nl-NL\",\"@id\":\"https:\\\/\\\/mogneycathbert.com\\\/#\\\/schema\\\/logo\\\/image\\\/\",\"url\":\"https:\\\/\\\/mogneycathbert.com\\\/wp-content\\\/uploads\\\/2026\\\/04\\\/cropped-logo-Mogney-3FINAL-1.jpg\",\"contentUrl\":\"https:\\\/\\\/mogneycathbert.com\\\/wp-content\\\/uploads\\\/2026\\\/04\\\/cropped-logo-Mogney-3FINAL-1.jpg\",\"width\":350,\"height\":100,\"caption\":\"Mogney & Cathbert B.V.\"},\"image\":{\"@id\":\"https:\\\/\\\/mogneycathbert.com\\\/#\\\/schema\\\/logo\\\/image\\\/\"},\"sameAs\":[\"https:\\\/\\\/www.linkedin.com\\\/company\\\/mogney-cathbert?originalSubdomain=nl\"]}]}<\/script>\n<!-- \/ Yoast SEO plugin. -->","yoast_head_json":{"title":"Invoeraangifte - Mogney &amp; Cathbert B.V.","robots":{"index":"index","follow":"follow","max-snippet":"max-snippet:-1","max-image-preview":"max-image-preview:large","max-video-preview":"max-video-preview:-1"},"canonical":"https:\/\/mogneycathbert.com\/index.php\/invoeraangifte-2\/","og_locale":"nl_NL","og_type":"article","og_title":"Invoeraangifte - Mogney &amp; Cathbert B.V.","og_description":"Invoeraangifte en inklaring is onderdeel van jouw transport Goederen importeren van buiten de EU? Dan is een invoeraangifte, ook wel inklaring genoemd, verplicht voordat jouw zending verder vervoerd, opgeslagen of verkocht mag worden binnen Nederland en de Europese Unie. Een correcte en tijdige inklaring is essentieel om vertraging, extra kosten en stilstand van jouw zending [&hellip;]","og_url":"https:\/\/mogneycathbert.com\/index.php\/invoeraangifte-2\/","og_site_name":"Mogney &amp; Cathbert B.V.","article_modified_time":"2026-04-23T12:55:46+00:00","og_image":[{"width":1983,"height":198,"url":"https:\/\/mogneycathbert.com\/wp-content\/uploads\/2026\/04\/ChatGPT-Image-22-apr-2026-11_06_05-e1776849694427.png","type":"image\/png"}],"twitter_card":"summary_large_image","twitter_misc":{"Geschatte leestijd":"2 minuten"},"schema":{"@context":"https:\/\/schema.org","@graph":[{"@type":"WebPage","@id":"https:\/\/mogneycathbert.com\/index.php\/invoeraangifte-2\/","url":"https:\/\/mogneycathbert.com\/index.php\/invoeraangifte-2\/","name":"Invoeraangifte - Mogney &amp; Cathbert B.V.","isPartOf":{"@id":"https:\/\/mogneycathbert.com\/#website"},"primaryImageOfPage":{"@id":"https:\/\/mogneycathbert.com\/index.php\/invoeraangifte-2\/#primaryimage"},"image":{"@id":"https:\/\/mogneycathbert.com\/index.php\/invoeraangifte-2\/#primaryimage"},"thumbnailUrl":"https:\/\/mogneycathbert.com\/wp-content\/uploads\/2026\/04\/ChatGPT-Image-22-apr-2026-11_06_05-e1776849694427-1024x102.png","datePublished":"2026-04-22T13:19:23+00:00","dateModified":"2026-04-23T12:55:46+00:00","breadcrumb":{"@id":"https:\/\/mogneycathbert.com\/index.php\/invoeraangifte-2\/#breadcrumb"},"inLanguage":"nl-NL","potentialAction":[{"@type":"ReadAction","target":["https:\/\/mogneycathbert.com\/index.php\/invoeraangifte-2\/"]}]},{"@type":"ImageObject","inLanguage":"nl-NL","@id":"https:\/\/mogneycathbert.com\/index.php\/invoeraangifte-2\/#primaryimage","url":"https:\/\/mogneycathbert.com\/wp-content\/uploads\/2026\/04\/ChatGPT-Image-22-apr-2026-11_06_05-e1776849694427.png","contentUrl":"https:\/\/mogneycathbert.com\/wp-content\/uploads\/2026\/04\/ChatGPT-Image-22-apr-2026-11_06_05-e1776849694427.png","width":1983,"height":198,"caption":"Invoeraangifte en douanedocumenten op kantoor, gebruikt voor inklaring, importafhandeling en douane aangifte binnen internationale handel door een douane declarant. Import declaration and customs documents in an office setting, used for customs clearance, import handling and customs processing in international trade by a customs declarant. \u0628\u064a\u0627\u0646 \u0627\u0633\u062a\u064a\u0631\u0627\u062f \u0648\u0648\u062b\u0627\u0626\u0642 \u062c\u0645\u0631\u0643\u064a\u0629 \u0641\u064a \u0628\u064a\u0626\u0629 \u0645\u0643\u062a\u0628\u064a\u0629 \u062a\u064f\u0633\u062a\u062e\u062f\u0645 \u0644\u0644\u062a\u062e\u0644\u064a\u0635 \u0627\u0644\u062c\u0645\u0631\u0643\u064a \u0648\u0645\u0639\u0627\u0644\u062c\u0629 \u0627\u0644\u0627\u0633\u062a\u064a\u0631\u0627\u062f \u0648\u0627\u0644\u0625\u062c\u0631\u0627\u0621\u0627\u062a \u0627\u0644\u062c\u0645\u0631\u0643\u064a\u0629 \u0636\u0645\u0646 \u0627\u0644\u062a\u062c\u0627\u0631\u0629 \u0627\u0644\u062f\u0648\u0644\u064a\u0629 \u0645\u0646 \u0642\u0628\u0644 \u0645\u062e\u0644\u0635 \u062c\u0645\u0631\u0643\u064a."},{"@type":"BreadcrumbList","@id":"https:\/\/mogneycathbert.com\/index.php\/invoeraangifte-2\/#breadcrumb","itemListElement":[{"@type":"ListItem","position":1,"name":"Home","item":"https:\/\/mogneycathbert.com\/"},{"@type":"ListItem","position":2,"name":"Invoeraangifte"}]},{"@type":"WebSite","@id":"https:\/\/mogneycathbert.com\/#website","url":"https:\/\/mogneycathbert.com\/","name":"Mogney & Cathbert B.V.","description":"","publisher":{"@id":"https:\/\/mogneycathbert.com\/#organization"},"potentialAction":[{"@type":"SearchAction","target":{"@type":"EntryPoint","urlTemplate":"https:\/\/mogneycathbert.com\/?s={search_term_string}"},"query-input":{"@type":"PropertyValueSpecification","valueRequired":true,"valueName":"search_term_string"}}],"inLanguage":"nl-NL"},{"@type":"Organization","@id":"https:\/\/mogneycathbert.com\/#organization","name":"Mogney & Cathbert B.V.","alternateName":"Expediteur Nederland","url":"https:\/\/mogneycathbert.com\/","logo":{"@type":"ImageObject","inLanguage":"nl-NL","@id":"https:\/\/mogneycathbert.com\/#\/schema\/logo\/image\/","url":"https:\/\/mogneycathbert.com\/wp-content\/uploads\/2026\/04\/cropped-logo-Mogney-3FINAL-1.jpg","contentUrl":"https:\/\/mogneycathbert.com\/wp-content\/uploads\/2026\/04\/cropped-logo-Mogney-3FINAL-1.jpg","width":350,"height":100,"caption":"Mogney & Cathbert B.V."},"image":{"@id":"https:\/\/mogneycathbert.com\/#\/schema\/logo\/image\/"},"sameAs":["https:\/\/www.linkedin.com\/company\/mogney-cathbert?originalSubdomain=nl"]}]}},"_links":{"self":[{"href":"https:\/\/mogneycathbert.com\/index.php\/wp-json\/wp\/v2\/pages\/609","targetHints":{"allow":["GET"]}}],"collection":[{"href":"https:\/\/mogneycathbert.com\/index.php\/wp-json\/wp\/v2\/pages"}],"about":[{"href":"https:\/\/mogneycathbert.com\/index.php\/wp-json\/wp\/v2\/types\/page"}],"author":[{"embeddable":true,"href":"https:\/\/mogneycathbert.com\/index.php\/wp-json\/wp\/v2\/users\/1"}],"replies":[{"embeddable":true,"href":"https:\/\/mogneycathbert.com\/index.php\/wp-json\/wp\/v2\/comments?post=609"}],"version-history":[{"count":19,"href":"https:\/\/mogneycathbert.com\/index.php\/wp-json\/wp\/v2\/pages\/609\/revisions"}],"predecessor-version":[{"id":680,"href":"https:\/\/mogneycathbert.com\/index.php\/wp-json\/wp\/v2\/pages\/609\/revisions\/680"}],"wp:attachment":[{"href":"https:\/\/mogneycathbert.com\/index.php\/wp-json\/wp\/v2\/media?parent=609"}],"curies":[{"name":"wp","href":"https:\/\/api.w.org\/{rel}","templated":true}]}}